{"id":56,"date":"2013-09-04T09:55:54","date_gmt":"2013-09-04T08:55:54","guid":{"rendered":"http:\/\/www.muelleder.net\/?page_id=56"},"modified":"2015-06-16T13:10:28","modified_gmt":"2015-06-16T12:10:28","slug":"nachdenkliches","status":"publish","type":"page","link":"https:\/\/www.muelleder.net\/?page_id=56","title":{"rendered":"Manfred M\u00fclleder"},"content":{"rendered":"<p>Wenn ich mein Leben noch einmal leben k\u00f6nnte,<br \/>\nim N\u00e4chsten Leben w\u00fcrde ich versuchen, mehr Fehler zu machen.<\/p>\n<p>Ich w\u00fcrde nicht so perfekt sein wollen,<br \/>\nich w\u00fcrde mich mehr Entspannen.<\/p>\n<p>Ich w\u00e4re ein bisschen verr\u00fcckter, als ich es gewesen bin,<br \/>\nich w\u00fcrde viel weniger Dinge so ernst nehmen.<br \/>\nIch w\u00fcrde nicht so gesund leben.<br \/>\nIch w\u00fcrde mehr riskieren,<br \/>\nw\u00fcrde mehr reisen,<br \/>\nSonnenunterg\u00e4nge betrachten,<br \/>\nmehr Bergsteigen,<br \/>\nmehr in Fl\u00fcssen schwimmen.<\/p>\n<p>Ich war einer dieser klugen Menschen,<br \/>\ndie jede Minute ihres Lebens fruchtbar verbrachten;<br \/>\nfreilich hatte ich auch Momente der Freude,<br \/>\naber wenn ich noch einmal anfangen k\u00f6nnte,<br \/>\nw\u00fcrde ich versuchen, nur mehr gute Augenblicke zu haben.<\/p>\n<p>Falls du es noch nicht wei\u00dft,<br \/>\naus diesen besteht n\u00e4mlich das Leben;<br \/>\nnur aus Augenblicken;<br \/>\nvergi\u00df nicht den jetzigen.<\/p>\n<p>Wenn ich noch einmal leben k\u00f6nnte,<br \/>\nw\u00fcrde ich von Fr\u00fchlingsbeginn an<br \/>\nbis in den Sp\u00e4therbst hinein barfu\u00df gehen.<br \/>\nUnd ich w\u00fcrde mehr mit Kindern spielen,<br \/>\nwenn ich das Leben noch vor mir h\u00e4tte.<\/p>\n<p>Aber sehen Sie \u2026 ich bin 85 Jahre alt<br \/>\nUnd wei\u00df, da\u00df ich bald sterben werde.<br \/>\n(J\u00f6rge Luis Borges, 1899-1987)<br \/>\n&#8211;<br \/>\nIn Memoriam Manfred M\u00fclleder<\/p>\n","protected":false},"excerpt":{"rendered":"<p>Wenn ich mein Leben noch einmal leben k\u00f6nnte, im N\u00e4chsten Leben w\u00fcrde ich versuchen, mehr Fehler zu machen. Ich w\u00fcrde nicht so perfekt sein wollen, ich w\u00fcrde mich mehr Entspannen. Ich w\u00e4re ein bisschen verr\u00fcckter, als ich es gewesen bin, ich w\u00fcrde viel weniger Dinge so ernst nehmen. Ich w\u00fcrde nicht so gesund leben. Ich [&hellip;]<\/p>\n","protected":false},"author":1,"featured_media":0,"parent":13,"menu_order":1,"comment_status":"closed","ping_status":"closed","template":"","meta":[],"_links":{"self":[{"href":"https:\/\/www.muelleder.net\/index.php?rest_route=\/wp\/v2\/pages\/56"}],"collection":[{"href":"https:\/\/www.muelleder.net\/index.php?rest_route=\/wp\/v2\/pages"}],"about":[{"href":"https:\/\/www.muelleder.net\/index.php?rest_route=\/wp\/v2\/types\/page"}],"author":[{"embeddable":true,"href":"https:\/\/www.muelleder.net\/index.php?rest_route=\/wp\/v2\/users\/1"}],"replies":[{"embeddable":true,"href":"https:\/\/www.muelleder.net\/index.php?rest_route=%2Fwp%2Fv2%2Fcomments&post=56"}],"version-history":[{"count":6,"href":"https:\/\/www.muelleder.net\/index.php?rest_route=\/wp\/v2\/pages\/56\/revisions"}],"predecessor-version":[{"id":119,"href":"https:\/\/www.muelleder.net\/index.php?rest_route=\/wp\/v2\/pages\/56\/revisions\/119"}],"up":[{"embeddable":true,"href":"https:\/\/www.muelleder.net\/index.php?rest_route=\/wp\/v2\/pages\/13"}],"wp:attachment":[{"href":"https:\/\/www.muelleder.net\/index.php?rest_route=%2Fwp%2Fv2%2Fmedia&parent=56"}],"curies":[{"name":"wp","href":"https:\/\/api.w.org\/{rel}","templated":true}]}}